{"id":284,"date":"2025-03-06T22:12:44","date_gmt":"2025-03-06T21:12:44","guid":{"rendered":"https:\/\/stopp-gewalt.at\/?page_id=284"},"modified":"2025-04-01T22:10:14","modified_gmt":"2025-04-01T20:10:14","slug":"impressum","status":"publish","type":"page","link":"https:\/\/stopp-gewalt.at\/tr\/impressum\/","title":{"rendered":"K\u00fcnye"},"content":{"rendered":"<div data-elementor-type=\"wp-page\" data-elementor-id=\"284\" class=\"elementor elementor-284\" data-elementor-post-type=\"page\">\n\t\t\t\t<main class=\"elementor-element elementor-element-85ec5e9 e-flex e-con-boxed e-con e-parent\" data-id=\"85ec5e9\" data-element_type=\"container\" data-e-type=\"container\" data-settings=\"{&quot;jet_parallax_layout_list&quot;:[]}\">\n\t\t\t\t\t<div class=\"e-con-inner\">\n\t\t\t\t<div class=\"elementor-element elementor-element-726931c elementor-widget elementor-widget-jet-engine-component-914\" data-id=\"726931c\" data-element_type=\"widget\" data-e-type=\"widget\" data-widget_type=\"jet-engine-component-914.default\">\n\t\t\t\t<div class=\"elementor-widget-container\">\n\t\t\t\t\t<style>.elementor-914 .elementor-element.elementor-element-4b3c3a4{--display:flex;--align-items:center;--container-widget-width:calc( ( 1 - var( --container-widget-flex-grow ) ) * 100% );--margin-top:0px;--margin-bottom:0px;--margin-left:0px;--margin-right:0px;--padding-top:0px;--padding-bottom:0px;--padding-left:0px;--padding-right:0px;}.elementor-914 .elementor-element.elementor-element-c370e51{--display:flex;--margin-top:0px;--margin-bottom:0px;--margin-left:0px;--margin-right:0px;--padding-top:80px;--padding-bottom:120px;--padding-left:0px;--padding-right:0px;}.elementor-widget-heading .elementor-heading-title{font-family:var( --e-global-typography-primary-font-family ), Sans-serif;font-size:var( --e-global-typography-primary-font-size );font-weight:var( --e-global-typography-primary-font-weight );text-transform:var( --e-global-typography-primary-text-transform );font-style:var( --e-global-typography-primary-font-style );text-decoration:var( --e-global-typography-primary-text-decoration );line-height:var( --e-global-typography-primary-line-height );color:var( --e-global-color-primary );}.elementor-widget-text-editor{font-family:var( --e-global-typography-text-font-family ), Sans-serif;font-size:var( --e-global-typography-text-font-size );font-weight:var( --e-global-typography-text-font-weight );text-transform:var( --e-global-typography-text-text-transform );font-style:var( --e-global-typography-text-font-style );text-decoration:var( --e-global-typography-text-text-decoration );line-height:var( --e-global-typography-text-line-height );color:var( --e-global-color-text );}.elementor-widget-text-editor.elementor-drop-cap-view-stacked .elementor-drop-cap{background-color:var( --e-global-color-primary );}.elementor-widget-text-editor.elementor-drop-cap-view-framed .elementor-drop-cap, .elementor-widget-text-editor.elementor-drop-cap-view-default .elementor-drop-cap{color:var( --e-global-color-primary );border-color:var( --e-global-color-primary );}@media(max-width:1024px){.elementor-914 .elementor-element.elementor-element-c370e51{--padding-top:80px;--padding-bottom:120px;--padding-left:40px;--padding-right:40px;}.elementor-widget-heading .elementor-heading-title{font-size:var( --e-global-typography-primary-font-size );line-height:var( --e-global-typography-primary-line-height );}.elementor-widget-text-editor{font-size:var( --e-global-typography-text-font-size );line-height:var( --e-global-typography-text-line-height );}}@media(min-width:768px){.elementor-914 .elementor-element.elementor-element-c370e51{--width:860px;}}@media(max-width:1024px) and (min-width:768px){.elementor-914 .elementor-element.elementor-element-4b3c3a4{--content-width:100%;}.elementor-914 .elementor-element.elementor-element-c370e51{--width:100%;}}@media(max-width:767px){.elementor-914 .elementor-element.elementor-element-c370e51{--width:100%;--margin-top:0px;--margin-bottom:0px;--margin-left:0px;--margin-right:0px;--padding-top:80px;--padding-bottom:120px;--padding-left:15px;--padding-right:15px;}.elementor-widget-heading .elementor-heading-title{font-size:var( --e-global-typography-primary-font-size );line-height:var( --e-global-typography-primary-line-height );}.elementor-widget-text-editor{font-size:var( --e-global-typography-text-font-size );line-height:var( --e-global-typography-text-line-height );}}<\/style>\t\t<div data-elementor-type=\"jet-engine-component\" data-elementor-id=\"914\" class=\"elementor elementor-914 jet-listing-grid--914 jet-component-instance-4631\" data-elementor-post-type=\"jet-engine\" style=\"\">\n\t\t\t\t<div class=\"elementor-element elementor-element-4b3c3a4 e-flex e-con-boxed e-con e-parent\" data-id=\"4b3c3a4\" data-element_type=\"container\" data-e-type=\"container\" data-settings=\"{&quot;jet_parallax_layout_list&quot;:[]}\">\n\t\t\t\t\t<div class=\"e-con-inner\">\n\t\t<div class=\"elementor-element elementor-element-c370e51 e-con-full e-flex e-con e-child\" data-id=\"c370e51\" data-element_type=\"container\" data-e-type=\"container\" data-settings=\"{&quot;jet_parallax_layout_list&quot;:[]}\">\n\t\t\t\t<div class=\"elementor-element elementor-element-f9b8611 elementor-widget elementor-widget-heading\" data-id=\"f9b8611\" data-element_type=\"widget\" data-e-type=\"widget\" data-widget_type=\"heading.default\">\n\t\t\t\t\t<h1 class=\"elementor-heading-title elementor-size-default\">K\u00fcnye<\/h1>\t\t\t\t<\/div>\n\t\t\t\t<div class=\"elementor-element elementor-element-746a324 elementor-widget elementor-widget-text-editor\" data-id=\"746a324\" data-element_type=\"widget\" data-e-type=\"widget\" data-widget_type=\"text-editor.default\">\n\t\t\t\t\t\t\t\t\t<p><strong>Land Nieder\u00f6sterreich<\/strong><br \/><strong>(Amt der Nieder\u00f6sterreichischen Landesregierung &#8211; Abteilung Landesamtsdirektion)<\/strong><br \/>A-3109 St. P\u00f6lten, Landhausplatz 1<br \/>E-Mail: <a class=\"\" href=\"mailto:buergerbuero.landhaus@noel.gv.at\" target=\"_blank\" rel=\"noopener noreferrer\" data-gentics-gcn-url=\"mailto:buergerbuero.landhaus@noel.gv.at\">buergerbuero.landhaus@noel.gv.at<\/a><\/p><p>Tel.: 02742\/9005-0 f\u00fcr die Vermittlung<br \/>Tel.: 02742\/9005 9005 f\u00fcr das B\u00fcrgerservice\u00a0\u00a0<\/p><p>UID-Umsatzsteuer-Identifikationsnummer ATU 37165802<br \/>(Amt der N\u00d6 Landesregierung und nachgeordnete Dienststellen)<br \/><span class=\"aloha-languageswitched\" lang=\"en\">EORI-Economic Operators Registration and Identification System<\/span><\/p><h2 id=\"heading_Rechtliche_Information\"><br \/>Rechtliche Information<\/h2><p>Die auf den Internetseiten des Landes Nieder\u00f6sterreich wiedergegebenen Inhalte dienen zur Information der Landesb\u00fcrgerinnen und Landesb\u00fcrger \u00fcber die Serviceleistungen des Landes Nieder\u00f6sterreich. F\u00fcr enthaltene Fehler, die trotz eingehender Recherche und Aufarbeitung entstanden sind, kann keine wie immer geartete Haftung \u00fcbernommen werden. Weiters erkl\u00e4rt sich das Land Nieder\u00f6sterreich als nicht verantwortlich f\u00fcr den Inhalt von extern liegenden Internetseiten, auf die mit einem Link verwiesen wird.<\/p><p>Jede Nutzung bzw. Weiterverwendung von Inhalten (dies gilt insbesondere f\u00fcr Texte, Bilder, Grafiken und Programmcode) au\u00dferhalb der Internetseiten des Landes Nieder\u00f6sterreich und die Portierung auf andere Medien bedarf ausnahmslos der schriftlichen Genehmigung des Medieninhabers.<\/p><p>Die in dieser Website enthaltenen Gesetze und Verordnungen werden lediglich in nichtauthentischer Form zum Zwecke der Information wiedergegeben und sind weder als Kundmachungen im Sinne bundes- oder landesrechtlicher Kundmachungsbestimmungen gedacht noch als Kundmachung im Sinne bundes- oder landesrechtlicher Kundmachungsbestimmungen aufzufassen.<\/p><h2 id=\"heading_Design___Umsetzung\"><br \/>Design &amp; Umsetzung<\/h2><p>Design: <a href=\"https:\/\/kmdc-studio.com\/\">KMDC Studio Vienna &#8211; Design &amp; Communication<\/a><br \/>Umsetzung &amp; Programmierung: <a href=\"https:\/\/zubasoft.at\/\">ZubaSoft<\/a><br \/>Texte: Valeria Romme<\/p><p>Design App \u201eMein Land\u201c: Land Nieder\u00f6sterreich (Amt der Nieder\u00f6sterreichischen Landesregierung \u2013 Abteilung Landesamtsdirektion \/ Informationstechnologie)<br \/>Umsetzung &amp; Programmierung: advantEDGE-IT GmbH<\/p><p>Bei allen Datenangeboten (Messestellen, Prognosedaten, \u2026), f\u00fcr deren Nutzung nicht gesonderte Bedingungen (\u201eAGBs\u201c) vereinbart werden, handelt es sich um ungepr\u00fcfte Rohdaten. Durch systembedingte Messtoleranzen und betriebliche St\u00f6rungen von Messger\u00e4ten oder Fern\u00fcbertragungseinrichtungen sind Ungenauigkeiten oder Fehler in ver\u00f6ffentlichten Daten m\u00f6glich.<\/p><p>Es wird keine Gew\u00e4hr f\u00fcr die Vollst\u00e4ndigkeit, Richtigkeit und Genauigkeit der dargestellten Daten \u00fcbernommen. Gew\u00e4hrleistungs- und Haftungsanspr\u00fcche werden ausdr\u00fccklich ausgeschlossen.<\/p><p>Hinweis: Aufgrund von Wartungsarbeiten k\u00f6nnen dargestellte Datenpunkte oder Benachrichtigungen (Push-Nachrichten) kurzfristig ausgesetzt werden.<\/p>\t\t\t\t\t\t\t\t<\/div>\n\t\t\t\t<\/div>\n\t\t\t\t\t<\/div>\n\t\t\t\t<\/div>\n\t\t\t\t<\/div>\n\t\t\t\t\t\t<\/div>\n\t\t\t\t<\/div>\n\t\t\t\t\t<\/div>\n\t\t\t\t<\/main>\n\t\t\t\t<\/div>","protected":false},"excerpt":{"rendered":"","protected":false},"author":1,"featured_media":0,"parent":0,"menu_order":0,"comment_status":"closed","ping_status":"closed","template":"elementor_header_footer","meta":{"_seopress_robots_primary_cat":"","_seopress_titles_title":"","_seopress_titles_desc":"","_seopress_robots_index":"","footnotes":""},"class_list":["post-284","page","type-page","status-publish","hentry"],"_links":{"self":[{"href":"https:\/\/stopp-gewalt.at\/tr\/wp-json\/wp\/v2\/pages\/284","targetHints":{"allow":["GET"]}}],"collection":[{"href":"https:\/\/stopp-gewalt.at\/tr\/wp-json\/wp\/v2\/pages"}],"about":[{"href":"https:\/\/stopp-gewalt.at\/tr\/wp-json\/wp\/v2\/types\/page"}],"author":[{"embeddable":true,"href":"https:\/\/stopp-gewalt.at\/tr\/wp-json\/wp\/v2\/users\/1"}],"replies":[{"embeddable":true,"href":"https:\/\/stopp-gewalt.at\/tr\/wp-json\/wp\/v2\/comments?post=284"}],"version-history":[{"count":20,"href":"https:\/\/stopp-gewalt.at\/tr\/wp-json\/wp\/v2\/pages\/284\/revisions"}],"predecessor-version":[{"id":1916,"href":"https:\/\/stopp-gewalt.at\/tr\/wp-json\/wp\/v2\/pages\/284\/revisions\/1916"}],"wp:attachment":[{"href":"https:\/\/stopp-gewalt.at\/tr\/wp-json\/wp\/v2\/media?parent=284"}],"curies":[{"name":"wp","href":"https:\/\/api.w.org\/{rel}","templated":true}]}}